{"id":517,"date":"2025-04-08T08:49:45","date_gmt":"2025-04-08T06:49:45","guid":{"rendered":"http:\/\/bris-solution.com.w0201f20.kasserver.com\/?page_id=517"},"modified":"2025-10-30T11:47:59","modified_gmt":"2025-10-30T10:47:59","slug":"site-notice","status":"publish","type":"page","link":"https:\/\/www.bris-solution.com\/en\/site-notice\/","title":{"rendered":"Site Notice"},"content":{"rendered":"\n<h1 class=\"wp-block-heading\">Site Notice<\/h1>\n\n\n\n<p>Britta Stermsek<br>BriSS Recruiting &amp; Consulting<br>L\u00fcghauser Str. 16<br>51503 R\u00f6srath<\/p>\n\n\n\n<h2 class=\"wp-block-heading\">Contact<\/h2>\n\n\n\n<p>Phone: +49 02205 \u2013 72219-36<br>E-mail: info@bris-solution.com<\/p>\n\n\n\n<h2 class=\"wp-block-heading\">VAT ID<\/h2>\n\n\n\n<p>Sales tax identification number according to Sect. 27 a of the Sales Tax Law:<br>DE294200261<\/p>\n\n\n\n<h2 class=\"wp-block-heading\">Person responsible for editorial<\/h2>\n\n\n\n<p>Britta Stermsek<br>L\u00fcghauser Str. 16<br>51503 R\u00f6srath<\/p>\n\n\n\n<h2 class=\"wp-block-heading\">Dispute resolution proceedings in front of a consumer arbitration board<\/h2>\n\n\n\n<p>We are not willing or obliged to participate in dispute resolution proceedings in front of a consumer arbitration board.<\/p>\n\n\n\n<h2 class=\"wp-block-heading\">Image credits<\/h2>\n\n\n\n<p>This website uses images from Adobe Stock (https:\/\/stock.adobe.com) and Depositphotos (https:\/\/de.depositphotos.com).<\/p>\n\n\n\n<h2 class=\"wp-block-heading\">Concept, text, design and development<\/h2>\n\n\n\n<p><a href=\"https:\/\/www.wir-verstehen-technik.de\">C&amp;G: Strategische Kommunikation GmbH<\/a><\/p>\n\n\n\n<p>Tech Campus Haus Staade<br>L\u00fcghauser Stra\u00dfe 16<br>51503 R\u00f6srath<\/p>\n\n\n\n<h2 class=\"wp-block-heading\">Realisation<\/h2>\n\n\n\n<p><a href=\"http:\/\/www.netschmiede24.de\" target=\"_blank\" rel=\"noreferrer noopener\">netSchmiede24<\/a><\/p>\n","protected":false},"excerpt":{"rendered":"<p>Site Notice Britta StermsekBriSS Recruiting &amp; ConsultingL\u00fcghauser Str. 1651503 R\u00f6srath Contact Phone: +49 02205 \u2013 72219-36E-mail: info@bris-solution.com VAT ID Sales tax identification number according to Sect. 27 a of the Sales Tax Law:DE294200261 Person responsible for editorial Britta StermsekL\u00fcghauser Str. 1651503 R\u00f6srath Dispute resolution proceedings in front of a consumer arbitration board We are not [&hellip;]<\/p>\n","protected":false},"author":1,"featured_media":0,"parent":0,"menu_order":0,"comment_status":"closed","ping_status":"closed","template":"","meta":{"inline_featured_image":false,"footnotes":""},"class_list":["post-517","page","type-page","status-publish","hentry","post"],"_links":{"self":[{"href":"https:\/\/www.bris-solution.com\/en\/wp-json\/wp\/v2\/pages\/517","targetHints":{"allow":["GET"]}}],"collection":[{"href":"https:\/\/www.bris-solution.com\/en\/wp-json\/wp\/v2\/pages"}],"about":[{"href":"https:\/\/www.bris-solution.com\/en\/wp-json\/wp\/v2\/types\/page"}],"author":[{"embeddable":true,"href":"https:\/\/www.bris-solution.com\/en\/wp-json\/wp\/v2\/users\/1"}],"replies":[{"embeddable":true,"href":"https:\/\/www.bris-solution.com\/en\/wp-json\/wp\/v2\/comments?post=517"}],"version-history":[{"count":3,"href":"https:\/\/www.bris-solution.com\/en\/wp-json\/wp\/v2\/pages\/517\/revisions"}],"predecessor-version":[{"id":1211,"href":"https:\/\/www.bris-solution.com\/en\/wp-json\/wp\/v2\/pages\/517\/revisions\/1211"}],"wp:attachment":[{"href":"https:\/\/www.bris-solution.com\/en\/wp-json\/wp\/v2\/media?parent=517"}],"curies":[{"name":"wp","href":"https:\/\/api.w.org\/{rel}","templated":true}]}}